{"id":41,"date":"2019-09-01T17:36:38","date_gmt":"2019-09-01T17:36:38","guid":{"rendered":"http:\/\/sv-wandersleben.de\/?page_id=41"},"modified":"2020-09-15T14:22:10","modified_gmt":"2020-09-15T14:22:10","slug":"hauptsponsor-zoetzsche","status":"publish","type":"page","link":"http:\/\/sv-wandersleben.de\/?page_id=41","title":{"rendered":"Karosserie &#038; Lack Z\u00f6tzsche GmbH"},"content":{"rendered":"\n<p>Karosserie &amp; Lack Z\u00f6tzsche GmbH<br>Wandersleber Strasse 09<\/p>\n\n\n\n<p>99192 Nesse-Apfelst\u00e4dt OT Apfelst\u00e4dt<\/p>\n\n\n\n<p>Telefon: +49 36202 779779<br>Telefax: +49 36202 779777<br>Mail: <a href=\"mailto:info@zoetzsche.de\">info@zoetzsche.de<\/a><br>Web: <a href=\"http:\/\/www.zoetzsche.de\">www.zoetzsche.de<\/a><\/p>\n\n\n\n<div class=\"wp-block-image\"><figure class=\"aligncenter\"><img loading=\"lazy\" decoding=\"async\" width=\"456\" height=\"215\" src=\"http:\/\/sv-wandersleben.de\/wp-content\/uploads\/2019\/09\/zoetsche.png\" alt=\"\" class=\"wp-image-42\" srcset=\"http:\/\/sv-wandersleben.de\/wp-content\/uploads\/2019\/09\/zoetsche.png 456w, http:\/\/sv-wandersleben.de\/wp-content\/uploads\/2019\/09\/zoetsche-300x141.png 300w\" sizes=\"auto, (max-width: 456px) 100vw, 456px\" \/><\/figure><\/div>\n","protected":false},"excerpt":{"rendered":"<p>Karosserie &amp; Lack Z\u00f6tzsche GmbHWandersleber Strasse 09 99192 Nesse-Apfelst\u00e4dt OT Apfelst\u00e4dt Telefon: +49 36202 779779Telefax: +49 36202 779777Mail: info@zoetzsche.deWeb: www.zoetzsche.de<\/p>\n","protected":false},"author":1,"featured_media":0,"parent":13,"menu_order":0,"comment_status":"closed","ping_status":"closed","template":"","meta":{"footnotes":""},"class_list":["post-41","page","type-page","status-publish","hentry"],"_links":{"self":[{"href":"http:\/\/sv-wandersleben.de\/index.php?rest_route=\/wp\/v2\/pages\/41","targetHints":{"allow":["GET"]}}],"collection":[{"href":"http:\/\/sv-wandersleben.de\/index.php?rest_route=\/wp\/v2\/pages"}],"about":[{"href":"http:\/\/sv-wandersleben.de\/index.php?rest_route=\/wp\/v2\/types\/page"}],"author":[{"embeddable":true,"href":"http:\/\/sv-wandersleben.de\/index.php?rest_route=\/wp\/v2\/users\/1"}],"replies":[{"embeddable":true,"href":"http:\/\/sv-wandersleben.de\/index.php?rest_route=%2Fwp%2Fv2%2Fcomments&post=41"}],"version-history":[{"count":2,"href":"http:\/\/sv-wandersleben.de\/index.php?rest_route=\/wp\/v2\/pages\/41\/revisions"}],"predecessor-version":[{"id":177,"href":"http:\/\/sv-wandersleben.de\/index.php?rest_route=\/wp\/v2\/pages\/41\/revisions\/177"}],"up":[{"embeddable":true,"href":"http:\/\/sv-wandersleben.de\/index.php?rest_route=\/wp\/v2\/pages\/13"}],"wp:attachment":[{"href":"http:\/\/sv-wandersleben.de\/index.php?rest_route=%2Fwp%2Fv2%2Fmedia&parent=41"}],"curies":[{"name":"wp","href":"https:\/\/api.w.org\/{rel}","templated":true}]}}