{"id":88,"date":"2019-09-01T17:53:53","date_gmt":"2019-09-01T17:53:53","guid":{"rendered":"http:\/\/sv-wandersleben.de\/?page_id=88"},"modified":"2025-02-04T11:49:36","modified_gmt":"2025-02-04T11:49:36","slug":"vereinsfuehrung","status":"publish","type":"page","link":"http:\/\/sv-wandersleben.de\/?page_id=88","title":{"rendered":"Vereinsf\u00fchrung"},"content":{"rendered":"\n<p>E-Mail: <a href=\"mailto:svw1901@web.de\"><strong>svw1901@web.de<\/strong><\/a><\/p>\n\n\n\n<p><strong>Vorstandsvorsitzender<\/strong><br>Thomas Mey<br>+49 174 9002269<br><strong><a href=\"mailto:thomas.mey@gmx.de\">thomas.mey@gmx.de<\/a><\/strong><\/p>\n\n\n\n<p><strong>Stellvertreter<\/strong><br>Katrin M\u00fcller-Lenz<br><strong><a href=\"mailto:katrin.mueller-lenz@web.de\">katrin.mueller-lenz@web.de<\/a><\/strong><\/p>\n\n\n\n<p><strong>Kassenwart<\/strong> <strong> <\/strong>(kommissarisch)<br>Mandy Kurzer-M\u00f6ller<br><a href=\"mandykurzermoeller@gmx.de\"><strong>mandykurzermoeller@gmx.de<\/strong><\/a><\/p>\n\n\n\n<p><strong>Schriftf\u00fchrerin <\/strong>(kommissarisch)<strong><br><\/strong>Natalia Zitzmann<strong><br><a href=\"mailto:natalia.zitzmann@erfurt-ths.de\">natalia.zitzmann@erfurt-ths.de<\/a><\/strong><\/p>\n\n\n\n<p><strong>Jugendwart<\/strong> (kommissarisch)<br>Christian Edler<strong><br><a href=\"mailto:christianedler@web.de\">christianedler@web.de<\/a><\/strong><\/p>\n\n\n\n<p><strong>Datenschutzbeauftragter<br><\/strong>Dieter Honauer<strong><br><a href=\"mailto:dieter.honauer@t-online.de\">dieter.honauer@t-online.de<\/a><\/strong><\/p>\n\n\n\n<p><strong>\u00d6ffentlichkeitsarbeit<\/strong><br>Wolfram Thron<\/p>\n","protected":false},"excerpt":{"rendered":"<p>E-Mail: svw1901@web.de VorstandsvorsitzenderThomas Mey+49 174 9002269thomas.mey@gmx.de StellvertreterKatrin M\u00fcller-Lenzkatrin.mueller-lenz@web.de Kassenwart (kommissarisch)Mandy Kurzer-M\u00f6llermandykurzermoeller@gmx.de Schriftf\u00fchrerin (kommissarisch)Natalia Zitzmannnatalia.zitzmann@erfurt-ths.de Jugendwart (kommissarisch)Christian Edlerchristianedler@web.de DatenschutzbeauftragterDieter Honauerdieter.honauer@t-online.de \u00d6ffentlichkeitsarbeitWolfram Thron<\/p>\n","protected":false},"author":1,"featured_media":0,"parent":11,"menu_order":0,"comment_status":"closed","ping_status":"closed","template":"","meta":{"footnotes":""},"class_list":["post-88","page","type-page","status-publish","hentry"],"_links":{"self":[{"href":"http:\/\/sv-wandersleben.de\/index.php?rest_route=\/wp\/v2\/pages\/88","targetHints":{"allow":["GET"]}}],"collection":[{"href":"http:\/\/sv-wandersleben.de\/index.php?rest_route=\/wp\/v2\/pages"}],"about":[{"href":"http:\/\/sv-wandersleben.de\/index.php?rest_route=\/wp\/v2\/types\/page"}],"author":[{"embeddable":true,"href":"http:\/\/sv-wandersleben.de\/index.php?rest_route=\/wp\/v2\/users\/1"}],"replies":[{"embeddable":true,"href":"http:\/\/sv-wandersleben.de\/index.php?rest_route=%2Fwp%2Fv2%2Fcomments&post=88"}],"version-history":[{"count":7,"href":"http:\/\/sv-wandersleben.de\/index.php?rest_route=\/wp\/v2\/pages\/88\/revisions"}],"predecessor-version":[{"id":470,"href":"http:\/\/sv-wandersleben.de\/index.php?rest_route=\/wp\/v2\/pages\/88\/revisions\/470"}],"up":[{"embeddable":true,"href":"http:\/\/sv-wandersleben.de\/index.php?rest_route=\/wp\/v2\/pages\/11"}],"wp:attachment":[{"href":"http:\/\/sv-wandersleben.de\/index.php?rest_route=%2Fwp%2Fv2%2Fmedia&parent=88"}],"curies":[{"name":"wp","href":"https:\/\/api.w.org\/{rel}","templated":true}]}}