{"id":103,"date":"2019-09-01T18:02:47","date_gmt":"2019-09-01T18:02:47","guid":{"rendered":"http:\/\/sv-wandersleben.de\/?page_id=103"},"modified":"2019-09-01T18:02:47","modified_gmt":"2019-09-01T18:02:47","slug":"fussball","status":"publish","type":"page","link":"https:\/\/sv-wandersleben.de\/?page_id=103","title":{"rendered":"Fu\u00dfball"},"content":{"rendered":"\n<figure class=\"wp-block-image\"><img loading=\"lazy\" decoding=\"async\" width=\"680\" height=\"201\" src=\"http:\/\/sv-wandersleben.de\/wp-content\/uploads\/2019\/09\/fussballde_svw.png\" alt=\"\" class=\"wp-image-104\" srcset=\"https:\/\/sv-wandersleben.de\/wp-content\/uploads\/2019\/09\/fussballde_svw.png 680w, https:\/\/sv-wandersleben.de\/wp-content\/uploads\/2019\/09\/fussballde_svw-300x89.png 300w\" sizes=\"auto, (max-width: 680px) 100vw, 680px\" \/><figcaption><a href=\"http:\/\/www.fussball.de\/verein\/sv-1901-wandersleben-thueringen\/-\/id\/00ES8GNC6K00006QVV0AG08LVUPGND5I\"> SV 1901 Wandersleben e.V. bei Fussball.de <\/a><\/figcaption><\/figure>\n\n\n\n<p>SG FSV Drei Gleichen M\u00fchlberg I &#8211; Kreisoberliga Westth\u00fcringen<br>SG FSV Drei Gleichen M\u00fchlberg II &#8211; 1. Kreisklasse Staffel 4<br>SG FSV Drei Gleichen M\u00fchlberg III &#8211; 1. Kreisklasse Staffel 1<\/p>\n\n\n\n<p style=\"text-align:center\"><a href=\"https:\/\/www.facebook.com\/SG-Drei-Gleichen-1501004970189578\/\">Facebook-Seite der SG Drei Gleichen<\/a><\/p>\n\n\n\n<div class=\"wp-block-image\"><figure class=\"aligncenter\"><img loading=\"lazy\" decoding=\"async\" width=\"292\" height=\"76\" src=\"http:\/\/sv-wandersleben.de\/wp-content\/uploads\/2019\/09\/fb_ah.png\" alt=\"\" class=\"wp-image-106\"\/><figcaption><a href=\"https:\/\/www.facebook.com\/Dribbling-Rollatoren-Alte-Herren-des-SV-Wandersleben-1059451294074970\/\">Facebook-Seite der alten Herren des SV Wandersleben<\/a><\/figcaption><\/figure><\/div>\n\n\n\n<p>A-Junioren &#8211; SG SV 1901 Wandersleben &#8211; A Junioren Kreisoberliga St. 1<\/p>\n\n\n\n<p>B-Junioren &#8211; SG SV 1901 Wandersleben &#8211; B Junioren Kreisoberliga<\/p>\n\n\n\n<p>D-Junioren &#8211; SG FSV Drei Gleichen M\u00fchlberg I &#8211; D Junioren Kreisliga St.2<br>D-Junioren &#8211; SG FSV Drei Gleichen M\u00fchlberg II &#8211; D Junioren Kreisliga St.1<\/p>\n\n\n\n<p>E-Junioren &#8211; SG FSV Eintracht Wechmar I &#8211; E Junioren Kreisliga St. 2<br>E-Junioren &#8211; SG FSV Eintracht Wechmar II &#8211; E Junioren Kreisliga St. 3<br>E-Junioren &#8211; SG FSV Eintracht Wechmar III &#8211; E Junioren Kreisliga St. 1<\/p>\n\n\n\n<p>F-Junioren &#8211; SG FSV Drei Gleichen M\u00fchlberg &#8211; F Junioren Kreisliga St.2<\/p>\n\n\n\n<p>B-Juniorinnen &#8211; SG SV 1901 Wandersleben &#8211; Verbandsliga<\/p>\n\n\n\n<p>C-Juniorinnen &#8211; SG FSV Eintracht Wechmar &#8211; Verbandsliga<\/p>\n\n\n\n<p>D-Juniorinnen &#8211; SG FSV Eintracht Wechmar &#8211; Verbandsliga Staffel West<\/p>\n","protected":false},"excerpt":{"rendered":"<p>SG FSV Drei Gleichen M\u00fchlberg I &#8211; Kreisoberliga Westth\u00fcringenSG FSV Drei Gleichen M\u00fchlberg II &#8211; 1. Kreisklasse Staffel 4SG FSV Drei Gleichen M\u00fchlberg III &#8211; 1. Kreisklasse Staffel 1 Facebook-Seite der SG Drei Gleichen A-Junioren &#8211; SG SV 1901 Wandersleben &#8211; A Junioren Kreisoberliga St. 1 B-Junioren &#8211; SG SV 1901 Wandersleben &#8211; B Junioren [&hellip;]<\/p>\n","protected":false},"author":1,"featured_media":0,"parent":12,"menu_order":0,"comment_status":"closed","ping_status":"closed","template":"","meta":{"footnotes":""},"class_list":["post-103","page","type-page","status-publish","hentry"],"_links":{"self":[{"href":"https:\/\/sv-wandersleben.de\/index.php?rest_route=\/wp\/v2\/pages\/103","targetHints":{"allow":["GET"]}}],"collection":[{"href":"https:\/\/sv-wandersleben.de\/index.php?rest_route=\/wp\/v2\/pages"}],"about":[{"href":"https:\/\/sv-wandersleben.de\/index.php?rest_route=\/wp\/v2\/types\/page"}],"author":[{"embeddable":true,"href":"https:\/\/sv-wandersleben.de\/index.php?rest_route=\/wp\/v2\/users\/1"}],"replies":[{"embeddable":true,"href":"https:\/\/sv-wandersleben.de\/index.php?rest_route=%2Fwp%2Fv2%2Fcomments&post=103"}],"version-history":[{"count":1,"href":"https:\/\/sv-wandersleben.de\/index.php?rest_route=\/wp\/v2\/pages\/103\/revisions"}],"predecessor-version":[{"id":107,"href":"https:\/\/sv-wandersleben.de\/index.php?rest_route=\/wp\/v2\/pages\/103\/revisions\/107"}],"up":[{"embeddable":true,"href":"https:\/\/sv-wandersleben.de\/index.php?rest_route=\/wp\/v2\/pages\/12"}],"wp:attachment":[{"href":"https:\/\/sv-wandersleben.de\/index.php?rest_route=%2Fwp%2Fv2%2Fmedia&parent=103"}],"curies":[{"name":"wp","href":"https:\/\/api.w.org\/{rel}","templated":true}]}}