{"id":13,"date":"2019-09-01T17:29:54","date_gmt":"2019-09-01T17:29:54","guid":{"rendered":"http:\/\/sv-wandersleben.de\/?page_id=13"},"modified":"2025-02-04T11:41:31","modified_gmt":"2025-02-04T11:41:31","slug":"sponsoren","status":"publish","type":"page","link":"https:\/\/sv-wandersleben.de\/?page_id=13","title":{"rendered":"Sponsoren"},"content":{"rendered":"<div class=\"wp-block-image\">\n<figure class=\"aligncenter is-resized\"><a href=\"http:\/\/sv-wandersleben.de\/?page_id=71\"><img loading=\"lazy\" decoding=\"async\" width=\"1024\" height=\"549\" src=\"http:\/\/sv-wandersleben.de\/wp-content\/uploads\/2019\/09\/sponsor-ergo2-1024x549.jpg\" alt=\"\" class=\"wp-image-77\" style=\"width:363px;height:195px\" srcset=\"https:\/\/sv-wandersleben.de\/wp-content\/uploads\/2019\/09\/sponsor-ergo2-1024x549.jpg 1024w, https:\/\/sv-wandersleben.de\/wp-content\/uploads\/2019\/09\/sponsor-ergo2-300x161.jpg 300w, https:\/\/sv-wandersleben.de\/wp-content\/uploads\/2019\/09\/sponsor-ergo2-768x412.jpg 768w, https:\/\/sv-wandersleben.de\/wp-content\/uploads\/2019\/09\/sponsor-ergo2-900x483.jpg 900w, https:\/\/sv-wandersleben.de\/wp-content\/uploads\/2019\/09\/sponsor-ergo2.jpg 1044w\" sizes=\"auto, (max-width: 1024px) 100vw, 1024px\" \/><\/a><\/figure>\n<\/div>\n\n<div class=\"wp-block-image\">\n<figure class=\"aligncenter is-resized\"><a href=\"http:\/\/sv-wandersleben.de\/?page_id=65\"><img loading=\"lazy\" decoding=\"async\" width=\"680\" height=\"491\" src=\"http:\/\/sv-wandersleben.de\/wp-content\/uploads\/2019\/09\/sponsor-etl.jpg\" alt=\"\" class=\"wp-image-66\" style=\"width:362px;height:261px\" srcset=\"https:\/\/sv-wandersleben.de\/wp-content\/uploads\/2019\/09\/sponsor-etl.jpg 680w, https:\/\/sv-wandersleben.de\/wp-content\/uploads\/2019\/09\/sponsor-etl-300x217.jpg 300w\" sizes=\"auto, (max-width: 680px) 100vw, 680px\" \/><\/a><\/figure>\n<\/div>\n\n<div class=\"wp-block-image\">\n<figure class=\"aligncenter is-resized\"><a href=\"http:\/\/sv-wandersleben.de\/?page_id=68\"><img loading=\"lazy\" decoding=\"async\" width=\"870\" height=\"794\" src=\"http:\/\/sv-wandersleben.de\/wp-content\/uploads\/2019\/09\/sponsor-hoyer2.jpg\" alt=\"\" class=\"wp-image-78\" style=\"width:365px;height:332px\" srcset=\"https:\/\/sv-wandersleben.de\/wp-content\/uploads\/2019\/09\/sponsor-hoyer2.jpg 870w, https:\/\/sv-wandersleben.de\/wp-content\/uploads\/2019\/09\/sponsor-hoyer2-300x274.jpg 300w, https:\/\/sv-wandersleben.de\/wp-content\/uploads\/2019\/09\/sponsor-hoyer2-768x701.jpg 768w\" sizes=\"auto, (max-width: 870px) 100vw, 870px\" \/><\/a><\/figure>\n<\/div>\n\n<div class=\"wp-block-image\">\n<figure class=\"aligncenter is-resized\"><a href=\"http:\/\/sv-wandersleben.de\/?page_id=56\"><img loading=\"lazy\" decoding=\"async\" width=\"120\" height=\"43\" src=\"http:\/\/sv-wandersleben.de\/wp-content\/uploads\/2019\/09\/sponsor-sonnenschein.png\" alt=\"\" class=\"wp-image-57\" style=\"width:315px;height:113px\"\/><\/a><\/figure>\n<\/div>\n\n<div class=\"wp-block-image\">\n<figure class=\"aligncenter is-resized\"><a href=\"http:\/\/sv-wandersleben.de\/?page_id=53\"><img loading=\"lazy\" decoding=\"async\" width=\"556\" height=\"755\" src=\"http:\/\/sv-wandersleben.de\/wp-content\/uploads\/2019\/09\/sponsor-wele1.png\" alt=\"\" class=\"wp-image-80\" style=\"width:355px;height:482px\" srcset=\"https:\/\/sv-wandersleben.de\/wp-content\/uploads\/2019\/09\/sponsor-wele1.png 556w, https:\/\/sv-wandersleben.de\/wp-content\/uploads\/2019\/09\/sponsor-wele1-221x300.png 221w\" sizes=\"auto, (max-width: 556px) 100vw, 556px\" \/><\/a><\/figure>\n<\/div>\n\n<div class=\"wp-block-image\">\n<figure class=\"aligncenter is-resized\"><a href=\"http:\/\/sv-wandersleben.de\/?page_id=50\"><img loading=\"lazy\" decoding=\"async\" width=\"444\" height=\"142\" src=\"http:\/\/sv-wandersleben.de\/wp-content\/uploads\/2019\/09\/sponsor-ohra1.jpg\" alt=\"\" class=\"wp-image-81\" style=\"width:281px;height:90px\" srcset=\"https:\/\/sv-wandersleben.de\/wp-content\/uploads\/2019\/09\/sponsor-ohra1.jpg 444w, https:\/\/sv-wandersleben.de\/wp-content\/uploads\/2019\/09\/sponsor-ohra1-300x96.jpg 300w\" sizes=\"auto, (max-width: 444px) 100vw, 444px\" \/><\/a><\/figure>\n<\/div>\n\n<div class=\"wp-block-image\">\n<figure class=\"aligncenter is-resized\"><a href=\"http:\/\/sv-wandersleben.de\/?page_id=46\"><img loading=\"lazy\" decoding=\"async\" width=\"1024\" height=\"416\" src=\"http:\/\/sv-wandersleben.de\/wp-content\/uploads\/2019\/09\/sponsor-ullrich1-1024x416.jpg\" alt=\"\" class=\"wp-image-82\" style=\"width:339px;height:137px\" srcset=\"https:\/\/sv-wandersleben.de\/wp-content\/uploads\/2019\/09\/sponsor-ullrich1-1024x416.jpg 1024w, https:\/\/sv-wandersleben.de\/wp-content\/uploads\/2019\/09\/sponsor-ullrich1-300x122.jpg 300w, https:\/\/sv-wandersleben.de\/wp-content\/uploads\/2019\/09\/sponsor-ullrich1-768x312.jpg 768w, https:\/\/sv-wandersleben.de\/wp-content\/uploads\/2019\/09\/sponsor-ullrich1-900x366.jpg 900w, https:\/\/sv-wandersleben.de\/wp-content\/uploads\/2019\/09\/sponsor-ullrich1-1280x520.jpg 1280w, https:\/\/sv-wandersleben.de\/wp-content\/uploads\/2019\/09\/sponsor-ullrich1.jpg 1402w\" sizes=\"auto, (max-width: 1024px) 100vw, 1024px\" \/><\/a><\/figure>\n<\/div>\n\n<div class=\"wp-block-image\">\n<figure class=\"aligncenter\"><a href=\"http:\/\/sv-wandersleben.de\/?page_id=41\"><img loading=\"lazy\" decoding=\"async\" width=\"456\" height=\"215\" src=\"http:\/\/sv-wandersleben.de\/wp-content\/uploads\/2019\/09\/zoetsche.png\" alt=\"\" class=\"wp-image-42\" srcset=\"https:\/\/sv-wandersleben.de\/wp-content\/uploads\/2019\/09\/zoetsche.png 456w, https:\/\/sv-wandersleben.de\/wp-content\/uploads\/2019\/09\/zoetsche-300x141.png 300w\" sizes=\"auto, (max-width: 456px) 100vw, 456px\" \/><\/a><\/figure>\n<\/div>\n\n<div class=\"wp-block-image\">\n<figure class=\"aligncenter size-large is-resized\"><a href=\"http:\/\/sv-wandersleben.de\/?page_id=185\"><img loading=\"lazy\" decoding=\"async\" width=\"175\" height=\"104\" src=\"http:\/\/sv-wandersleben.de\/wp-content\/uploads\/2020\/09\/Firmenlogo-Dachprofi.jpg\" alt=\"\" class=\"wp-image-187\" style=\"width:355px;height:211px\"\/><\/a><\/figure>\n<\/div>\n\n<div class=\"wp-block-image\">\n<figure class=\"aligncenter size-large is-resized\"><a href=\"http:\/\/sv-wandersleben.de\/?page_id=193\"><img loading=\"lazy\" decoding=\"async\" width=\"1024\" height=\"565\" src=\"http:\/\/sv-wandersleben.de\/wp-content\/uploads\/2020\/09\/Firmenlogo-Ausbau-Drei-Gleichen-1024x565.jpg\" alt=\"\" class=\"wp-image-194\" style=\"width:394px;height:217px\" srcset=\"https:\/\/sv-wandersleben.de\/wp-content\/uploads\/2020\/09\/Firmenlogo-Ausbau-Drei-Gleichen-1024x565.jpg 1024w, https:\/\/sv-wandersleben.de\/wp-content\/uploads\/2020\/09\/Firmenlogo-Ausbau-Drei-Gleichen-300x165.jpg 300w, https:\/\/sv-wandersleben.de\/wp-content\/uploads\/2020\/09\/Firmenlogo-Ausbau-Drei-Gleichen-768x424.jpg 768w, https:\/\/sv-wandersleben.de\/wp-content\/uploads\/2020\/09\/Firmenlogo-Ausbau-Drei-Gleichen-1536x847.jpg 1536w, https:\/\/sv-wandersleben.de\/wp-content\/uploads\/2020\/09\/Firmenlogo-Ausbau-Drei-Gleichen-2048x1130.jpg 2048w, https:\/\/sv-wandersleben.de\/wp-content\/uploads\/2020\/09\/Firmenlogo-Ausbau-Drei-Gleichen-900x496.jpg 900w, https:\/\/sv-wandersleben.de\/wp-content\/uploads\/2020\/09\/Firmenlogo-Ausbau-Drei-Gleichen-1280x706.jpg 1280w\" sizes=\"auto, (max-width: 1024px) 100vw, 1024px\" \/><\/a><\/figure>\n<\/div>\n\n\n<p><\/p>\n\n\n\n<h4 class=\"wp-block-heading has-text-align-center\">Selbstverst\u00e4ndlich m\u00f6chten wir uns auch bei allen bedanken, die den SVW in den ganzen Jahren mit Sachspenden unterst\u00fctzt haben.<\/h4>\n\n\n\n<p><\/p>\n","protected":false},"excerpt":{"rendered":"<p>Selbstverst\u00e4ndlich m\u00f6chten wir uns auch bei allen bedanken, die den SVW in den ganzen Jahren mit Sachspenden unterst\u00fctzt haben.<\/p>\n","protected":false},"author":1,"featured_media":0,"parent":0,"menu_order":0,"comment_status":"closed","ping_status":"closed","template":"","meta":{"footnotes":""},"class_list":["post-13","page","type-page","status-publish","hentry"],"_links":{"self":[{"href":"https:\/\/sv-wandersleben.de\/index.php?rest_route=\/wp\/v2\/pages\/13","targetHints":{"allow":["GET"]}}],"collection":[{"href":"https:\/\/sv-wandersleben.de\/index.php?rest_route=\/wp\/v2\/pages"}],"about":[{"href":"https:\/\/sv-wandersleben.de\/index.php?rest_route=\/wp\/v2\/types\/page"}],"author":[{"embeddable":true,"href":"https:\/\/sv-wandersleben.de\/index.php?rest_route=\/wp\/v2\/users\/1"}],"replies":[{"embeddable":true,"href":"https:\/\/sv-wandersleben.de\/index.php?rest_route=%2Fwp%2Fv2%2Fcomments&post=13"}],"version-history":[{"count":18,"href":"https:\/\/sv-wandersleben.de\/index.php?rest_route=\/wp\/v2\/pages\/13\/revisions"}],"predecessor-version":[{"id":469,"href":"https:\/\/sv-wandersleben.de\/index.php?rest_route=\/wp\/v2\/pages\/13\/revisions\/469"}],"wp:attachment":[{"href":"https:\/\/sv-wandersleben.de\/index.php?rest_route=%2Fwp%2Fv2%2Fmedia&parent=13"}],"curies":[{"name":"wp","href":"https:\/\/api.w.org\/{rel}","templated":true}]}}